{"id":17,"date":"2024-04-28T15:23:32","date_gmt":"2024-04-28T15:23:32","guid":{"rendered":"https:\/\/metalmecanicalourdes.cl\/web\/?page_id=17"},"modified":"2024-05-04T14:38:02","modified_gmt":"2024-05-04T17:38:02","slug":"galeria","status":"publish","type":"page","link":"https:\/\/metalmecanicalourdes.cl\/web\/?page_id=17","title":{"rendered":"Galeria"},"content":{"rendered":"\t\t<div data-elementor-type=\"wp-page\" data-elementor-id=\"17\" class=\"elementor elementor-17\" data-elementor-post-type=\"page\">\n\t\t\t\t<div class=\"elementor-element elementor-element-4ab49153 e-flex e-con-boxed e-con e-parent\" data-id=\"4ab49153\" data-element_type=\"container\" data-settings=\"{&quot;background_background&quot;:&quot;classic&quot;}\">\n\t\t\t\t\t<div class=\"e-con-inner\">\n\t\t\t\t<div class=\"elementor-element elementor-element-32e4ce62 elementor-widget-mobile__width-inherit elementor-widget elementor-widget-gallery\" data-id=\"32e4ce62\" data-element_type=\"widget\" data-settings=\"{&quot;columns&quot;:3,&quot;gap&quot;:{&quot;unit&quot;:&quot;px&quot;,&quot;size&quot;:22,&quot;sizes&quot;:[]},&quot;overlay_title&quot;:&quot;caption&quot;,&quot;content_hover_animation&quot;:&quot;shrink&quot;,&quot;content_sequenced_animation&quot;:&quot;yes&quot;,&quot;lazyload&quot;:&quot;yes&quot;,&quot;gallery_layout&quot;:&quot;grid&quot;,&quot;columns_tablet&quot;:2,&quot;columns_mobile&quot;:1,&quot;gap_tablet&quot;:{&quot;unit&quot;:&quot;px&quot;,&quot;size&quot;:10,&quot;sizes&quot;:[]},&quot;gap_mobile&quot;:{&quot;unit&quot;:&quot;px&quot;,&quot;size&quot;:10,&quot;sizes&quot;:[]},&quot;link_to&quot;:&quot;file&quot;,&quot;aspect_ratio&quot;:&quot;3:2&quot;,&quot;overlay_background&quot;:&quot;yes&quot;}\" data-widget_type=\"gallery.default\">\n\t\t\t\t<div class=\"elementor-widget-container\">\n\t\t\t\t\t\t\t<div class=\"elementor-gallery__container\">\n\t\t\t\t\t\t\t<a class=\"e-gallery-item elementor-gallery-item elementor-animated-content\" href=\"https:\/\/metalmecanicalourdes.cl\/web\/wp-content\/uploads\/2024\/05\/CELDA-SK-240-620x354-1.jpg\" data-elementor-open-lightbox=\"yes\" data-elementor-lightbox-slideshow=\"32e4ce62\" data-elementor-lightbox-title=\"CELDA-SK-240-620x354\" data-e-action-hash=\"#elementor-action%3Aaction%3Dlightbox%26settings%3DeyJpZCI6Mzk3LCJ1cmwiOiJodHRwczpcL1wvbWV0YWxtZWNhbmljYWxvdXJkZXMuY2xcL3dlYlwvd3AtY29udGVudFwvdXBsb2Fkc1wvMjAyNFwvMDVcL0NFTERBLVNLLTI0MC02MjB4MzU0LTEuanBnIiwic2xpZGVzaG93IjoiMzJlNGNlNjIifQ%3D%3D\">\n\t\t\t\t\t<div class=\"e-gallery-image elementor-gallery-item__image\" data-thumbnail=\"https:\/\/metalmecanicalourdes.cl\/web\/wp-content\/uploads\/2024\/05\/CELDA-SK-240-620x354-1.jpg\" data-width=\"525\" data-height=\"300\" aria-label=\"\" role=\"img\" ><\/div>\n\t\t\t\t\t\t\t\t\t\t\t<div class=\"elementor-gallery-item__overlay\"><\/div>\n\t\t\t\t\t\t\t\t\t\t\t\t\t\t\t<div class=\"elementor-gallery-item__content\">\n\t\t\t\t\t\t\t\t\t\t\t<\/div>\n\t\t\t\t\t\t\t\t\t<\/a>\n\t\t\t\t\t\t\t<a class=\"e-gallery-item elementor-gallery-item elementor-animated-content\" href=\"https:\/\/metalmecanicalourdes.cl\/web\/wp-content\/uploads\/2024\/04\/86392936_1398031810376067_5824139605162590208_n.jpg\" data-elementor-open-lightbox=\"yes\" data-elementor-lightbox-slideshow=\"32e4ce62\" data-elementor-lightbox-title=\"86392936_1398031810376067_5824139605162590208_n\" data-e-action-hash=\"#elementor-action%3Aaction%3Dlightbox%26settings%3DeyJpZCI6MTU2LCJ1cmwiOiJodHRwczpcL1wvbWV0YWxtZWNhbmljYWxvdXJkZXMuY2xcL3dlYlwvd3AtY29udGVudFwvdXBsb2Fkc1wvMjAyNFwvMDRcLzg2MzkyOTM2XzEzOTgwMzE4MTAzNzYwNjdfNTgyNDEzOTYwNTE2MjU5MDIwOF9uLmpwZyIsInNsaWRlc2hvdyI6IjMyZTRjZTYyIn0%3D\">\n\t\t\t\t\t<div class=\"e-gallery-image elementor-gallery-item__image\" data-thumbnail=\"https:\/\/metalmecanicalourdes.cl\/web\/wp-content\/uploads\/2024\/04\/86392936_1398031810376067_5824139605162590208_n-1024x768.jpg\" data-width=\"525\" data-height=\"394\" aria-label=\"\" role=\"img\" ><\/div>\n\t\t\t\t\t\t\t\t\t\t\t<div class=\"elementor-gallery-item__overlay\"><\/div>\n\t\t\t\t\t\t\t\t\t\t\t\t\t\t\t<div class=\"elementor-gallery-item__content\">\n\t\t\t\t\t\t\t\t\t\t\t<\/div>\n\t\t\t\t\t\t\t\t\t<\/a>\n\t\t\t\t\t\t\t<a class=\"e-gallery-item elementor-gallery-item elementor-animated-content\" href=\"https:\/\/metalmecanicalourdes.cl\/web\/wp-content\/uploads\/2024\/04\/15626511_662280103951245_6079544425161950121_o-1024x996-1.jpg\" data-elementor-open-lightbox=\"yes\" data-elementor-lightbox-slideshow=\"32e4ce62\" data-elementor-lightbox-title=\"15626511_662280103951245_6079544425161950121_o-1024x996\" data-e-action-hash=\"#elementor-action%3Aaction%3Dlightbox%26settings%3DeyJpZCI6MTYxLCJ1cmwiOiJodHRwczpcL1wvbWV0YWxtZWNhbmljYWxvdXJkZXMuY2xcL3dlYlwvd3AtY29udGVudFwvdXBsb2Fkc1wvMjAyNFwvMDRcLzE1NjI2NTExXzY2MjI4MDEwMzk1MTI0NV82MDc5NTQ0NDI1MTYxOTUwMTIxX28tMTAyNHg5OTYtMS5qcGciLCJzbGlkZXNob3ciOiIzMmU0Y2U2MiJ9\">\n\t\t\t\t\t<div class=\"e-gallery-image elementor-gallery-item__image\" data-thumbnail=\"https:\/\/metalmecanicalourdes.cl\/web\/wp-content\/uploads\/2024\/04\/15626511_662280103951245_6079544425161950121_o-1024x996-1.jpg\" data-width=\"525\" data-height=\"511\" aria-label=\"\" role=\"img\" ><\/div>\n\t\t\t\t\t\t\t\t\t\t\t<div class=\"elementor-gallery-item__overlay\"><\/div>\n\t\t\t\t\t\t\t\t\t\t\t\t\t\t\t<div class=\"elementor-gallery-item__content\">\n\t\t\t\t\t\t\t\t\t\t\t<\/div>\n\t\t\t\t\t\t\t\t\t<\/a>\n\t\t\t\t\t\t\t<a class=\"e-gallery-item elementor-gallery-item elementor-animated-content\" href=\"https:\/\/metalmecanicalourdes.cl\/web\/wp-content\/uploads\/2024\/04\/75233483_1291802484332334_8395211250224594944_n-768x576-2.jpg\" data-elementor-open-lightbox=\"yes\" data-elementor-lightbox-slideshow=\"32e4ce62\" data-elementor-lightbox-title=\"75233483_1291802484332334_8395211250224594944_n-768x576\" data-e-action-hash=\"#elementor-action%3Aaction%3Dlightbox%26settings%3DeyJpZCI6MTYyLCJ1cmwiOiJodHRwczpcL1wvbWV0YWxtZWNhbmljYWxvdXJkZXMuY2xcL3dlYlwvd3AtY29udGVudFwvdXBsb2Fkc1wvMjAyNFwvMDRcLzc1MjMzNDgzXzEyOTE4MDI0ODQzMzIzMzRfODM5NTIxMTI1MDIyNDU5NDk0NF9uLTc2OHg1NzYtMi5qcGciLCJzbGlkZXNob3ciOiIzMmU0Y2U2MiJ9\">\n\t\t\t\t\t<div class=\"e-gallery-image elementor-gallery-item__image\" data-thumbnail=\"https:\/\/metalmecanicalourdes.cl\/web\/wp-content\/uploads\/2024\/04\/75233483_1291802484332334_8395211250224594944_n-768x576-2.jpg\" data-width=\"525\" data-height=\"394\" aria-label=\"\" role=\"img\" ><\/div>\n\t\t\t\t\t\t\t\t\t\t\t<div class=\"elementor-gallery-item__overlay\"><\/div>\n\t\t\t\t\t\t\t\t\t\t\t\t\t\t\t<div class=\"elementor-gallery-item__content\">\n\t\t\t\t\t\t\t\t\t\t\t<\/div>\n\t\t\t\t\t\t\t\t\t<\/a>\n\t\t\t\t\t\t\t<a class=\"e-gallery-item elementor-gallery-item elementor-animated-content\" href=\"https:\/\/metalmecanicalourdes.cl\/web\/wp-content\/uploads\/2024\/04\/262515302_1940322932813616_5248532939327252761_n-1-1536x864-1.jpg\" data-elementor-open-lightbox=\"yes\" data-elementor-lightbox-slideshow=\"32e4ce62\" data-elementor-lightbox-title=\"262515302_1940322932813616_5248532939327252761_n-1-1536x864\" data-e-action-hash=\"#elementor-action%3Aaction%3Dlightbox%26settings%3DeyJpZCI6MTYzLCJ1cmwiOiJodHRwczpcL1wvbWV0YWxtZWNhbmljYWxvdXJkZXMuY2xcL3dlYlwvd3AtY29udGVudFwvdXBsb2Fkc1wvMjAyNFwvMDRcLzI2MjUxNTMwMl8xOTQwMzIyOTMyODEzNjE2XzUyNDg1MzI5MzkzMjcyNTI3NjFfbi0xLTE1MzZ4ODY0LTEuanBnIiwic2xpZGVzaG93IjoiMzJlNGNlNjIifQ%3D%3D\">\n\t\t\t\t\t<div class=\"e-gallery-image elementor-gallery-item__image\" data-thumbnail=\"https:\/\/metalmecanicalourdes.cl\/web\/wp-content\/uploads\/2024\/04\/262515302_1940322932813616_5248532939327252761_n-1-1536x864-1-1024x576.jpg\" data-width=\"525\" data-height=\"295\" aria-label=\"\" role=\"img\" ><\/div>\n\t\t\t\t\t\t\t\t\t\t\t<div class=\"elementor-gallery-item__overlay\"><\/div>\n\t\t\t\t\t\t\t\t\t\t\t\t\t\t\t<div class=\"elementor-gallery-item__content\">\n\t\t\t\t\t\t\t\t\t\t\t<\/div>\n\t\t\t\t\t\t\t\t\t<\/a>\n\t\t\t\t\t\t\t<a class=\"e-gallery-item elementor-gallery-item elementor-animated-content\" href=\"https:\/\/metalmecanicalourdes.cl\/web\/wp-content\/uploads\/2024\/05\/263123619_1940969419415634_4004001455776927935_n-2.jpg\" data-elementor-open-lightbox=\"yes\" data-elementor-lightbox-slideshow=\"32e4ce62\" data-elementor-lightbox-title=\"263123619_1940969419415634_4004001455776927935_n-2\" data-e-action-hash=\"#elementor-action%3Aaction%3Dlightbox%26settings%3DeyJpZCI6NjM1LCJ1cmwiOiJodHRwczpcL1wvbWV0YWxtZWNhbmljYWxvdXJkZXMuY2xcL3dlYlwvd3AtY29udGVudFwvdXBsb2Fkc1wvMjAyNFwvMDVcLzI2MzEyMzYxOV8xOTQwOTY5NDE5NDE1NjM0XzQwMDQwMDE0NTU3NzY5Mjc5MzVfbi0yLmpwZyIsInNsaWRlc2hvdyI6IjMyZTRjZTYyIn0%3D\">\n\t\t\t\t\t<div class=\"e-gallery-image elementor-gallery-item__image\" data-thumbnail=\"https:\/\/metalmecanicalourdes.cl\/web\/wp-content\/uploads\/2024\/05\/263123619_1940969419415634_4004001455776927935_n-2.jpg\" data-width=\"525\" data-height=\"296\" aria-label=\"\" role=\"img\" ><\/div>\n\t\t\t\t\t\t\t\t\t\t\t<div class=\"elementor-gallery-item__overlay\"><\/div>\n\t\t\t\t\t\t\t\t\t\t\t\t\t\t\t<div class=\"elementor-gallery-item__content\">\n\t\t\t\t\t\t\t\t\t\t\t<\/div>\n\t\t\t\t\t\t\t\t\t<\/a>\n\t\t\t\t\t\t\t<a class=\"e-gallery-item elementor-gallery-item elementor-animated-content\" href=\"https:\/\/metalmecanicalourdes.cl\/web\/wp-content\/uploads\/2024\/05\/16463320_685741551605100_101972714676118437_o-768x467-1.jpg\" data-elementor-open-lightbox=\"yes\" data-elementor-lightbox-slideshow=\"32e4ce62\" data-elementor-lightbox-title=\"16463320_685741551605100_101972714676118437_o-768x467\" data-e-action-hash=\"#elementor-action%3Aaction%3Dlightbox%26settings%3DeyJpZCI6NjM2LCJ1cmwiOiJodHRwczpcL1wvbWV0YWxtZWNhbmljYWxvdXJkZXMuY2xcL3dlYlwvd3AtY29udGVudFwvdXBsb2Fkc1wvMjAyNFwvMDVcLzE2NDYzMzIwXzY4NTc0MTU1MTYwNTEwMF8xMDE5NzI3MTQ2NzYxMTg0Mzdfby03Njh4NDY3LTEuanBnIiwic2xpZGVzaG93IjoiMzJlNGNlNjIifQ%3D%3D\">\n\t\t\t\t\t<div class=\"e-gallery-image elementor-gallery-item__image\" data-thumbnail=\"https:\/\/metalmecanicalourdes.cl\/web\/wp-content\/uploads\/2024\/05\/16463320_685741551605100_101972714676118437_o-768x467-1.jpg\" data-width=\"525\" data-height=\"319\" aria-label=\"\" role=\"img\" ><\/div>\n\t\t\t\t\t\t\t\t\t\t\t<div class=\"elementor-gallery-item__overlay\"><\/div>\n\t\t\t\t\t\t\t\t\t\t\t\t\t\t\t<div class=\"elementor-gallery-item__content\">\n\t\t\t\t\t\t\t\t\t\t\t<\/div>\n\t\t\t\t\t\t\t\t\t<\/a>\n\t\t\t\t\t\t\t<a class=\"e-gallery-item elementor-gallery-item elementor-animated-content\" href=\"https:\/\/metalmecanicalourdes.cl\/web\/wp-content\/uploads\/2024\/05\/IMG_3443-847x470-1.jpg\" data-elementor-open-lightbox=\"yes\" data-elementor-lightbox-slideshow=\"32e4ce62\" data-elementor-lightbox-title=\"IMG_3443-847x470\" data-e-action-hash=\"#elementor-action%3Aaction%3Dlightbox%26settings%3DeyJpZCI6NjM3LCJ1cmwiOiJodHRwczpcL1wvbWV0YWxtZWNhbmljYWxvdXJkZXMuY2xcL3dlYlwvd3AtY29udGVudFwvdXBsb2Fkc1wvMjAyNFwvMDVcL0lNR18zNDQzLTg0N3g0NzAtMS5qcGciLCJzbGlkZXNob3ciOiIzMmU0Y2U2MiJ9\">\n\t\t\t\t\t<div class=\"e-gallery-image elementor-gallery-item__image\" data-thumbnail=\"https:\/\/metalmecanicalourdes.cl\/web\/wp-content\/uploads\/2024\/05\/IMG_3443-847x470-1.jpg\" data-width=\"525\" data-height=\"291\" aria-label=\"\" role=\"img\" ><\/div>\n\t\t\t\t\t\t\t\t\t\t\t<div class=\"elementor-gallery-item__overlay\"><\/div>\n\t\t\t\t\t\t\t\t\t\t\t\t\t\t\t<div class=\"elementor-gallery-item__content\">\n\t\t\t\t\t\t\t\t\t\t\t<\/div>\n\t\t\t\t\t\t\t\t\t<\/a>\n\t\t\t\t\t<\/div>\n\t\t\t\t\t<\/div>\n\t\t\t\t<\/div>\n\t\t\t\t\t<\/div>\n\t\t\t\t<\/div>\n\t\t<div class=\"elementor-element elementor-element-d6142cf e-flex e-con-boxed e-con e-parent\" data-id=\"d6142cf\" data-element_type=\"container\" data-settings=\"{&quot;background_background&quot;:&quot;classic&quot;}\">\n\t\t\t\t\t<div class=\"e-con-inner\">\n\t\t<div class=\"elementor-element elementor-element-50af542 e-con-full e-flex e-con e-child\" data-id=\"50af542\" data-element_type=\"container\">\n\t\t\t\t<div class=\"elementor-element elementor-element-a604304 elementor-position-top elementor-widget elementor-widget-image-box\" data-id=\"a604304\" data-element_type=\"widget\" data-widget_type=\"image-box.default\">\n\t\t\t\t<div class=\"elementor-widget-container\">\n\t\t\t\t\t<div class=\"elementor-image-box-wrapper\"><figure class=\"elementor-image-box-img\"><img fetchpriority=\"high\" decoding=\"async\" width=\"739\" height=\"312\" src=\"https:\/\/metalmecanicalourdes.cl\/web\/wp-content\/uploads\/2024\/04\/Logo_ml-removebg-preview.png\" class=\"attachment-full size-full wp-image-205\" alt=\"\" srcset=\"https:\/\/metalmecanicalourdes.cl\/web\/wp-content\/uploads\/2024\/04\/Logo_ml-removebg-preview.png 739w, https:\/\/metalmecanicalourdes.cl\/web\/wp-content\/uploads\/2024\/04\/Logo_ml-removebg-preview-300x127.png 300w\" sizes=\"(max-width: 739px) 100vw, 739px\" \/><\/figure><div class=\"elementor-image-box-content\"><p class=\"elementor-image-box-description\">Por m\u00e1s de 50 a\u00f1os brindando servicios metalmecanicos a la industria chilena<\/p><\/div><\/div>\t\t\t\t<\/div>\n\t\t\t\t<\/div>\n\t\t\t\t<div class=\"elementor-element elementor-element-847804e e-grid-align-tablet-left e-grid-align-mobile-center elementor-shape-rounded elementor-grid-0 e-grid-align-center elementor-widget elementor-widget-social-icons\" data-id=\"847804e\" data-element_type=\"widget\" data-widget_type=\"social-icons.default\">\n\t\t\t\t<div class=\"elementor-widget-container\">\n\t\t\t\t\t\t\t<div class=\"elementor-social-icons-wrapper elementor-grid\">\n\t\t\t\t\t\t\t<span class=\"elementor-grid-item\">\n\t\t\t\t\t<a class=\"elementor-icon elementor-social-icon elementor-social-icon-linkedin elementor-repeater-item-3f1b7ac\" href=\"https:\/\/www.linkedin.com\/company\/metalmec%C3%A1nica-lourdes\/\" target=\"_blank\">\n\t\t\t\t\t\t<span class=\"elementor-screen-only\">Linkedin<\/span>\n\t\t\t\t\t\t<svg class=\"e-font-icon-svg e-fab-linkedin\" viewBox=\"0 0 448 512\" xmlns=\"http:\/\/www.w3.org\/2000\/svg\"><path d=\"M416 32H31.9C14.3 32 0 46.5 0 64.3v383.4C0 465.5 14.3 480 31.9 480H416c17.6 0 32-14.5 32-32.3V64.3c0-17.8-14.4-32.3-32-32.3zM135.4 416H69V202.2h66.5V416zm-33.2-243c-21.3 0-38.5-17.3-38.5-38.5S80.9 96 102.2 96c21.2 0 38.5 17.3 38.5 38.5 0 21.3-17.2 38.5-38.5 38.5zm282.1 243h-66.4V312c0-24.8-.5-56.7-34.5-56.7-34.6 0-39.9 27-39.9 54.9V416h-66.4V202.2h63.7v29.2h.9c8.9-16.8 30.6-34.5 62.9-34.5 67.2 0 79.7 44.3 79.7 101.9V416z\"><\/path><\/svg>\t\t\t\t\t<\/a>\n\t\t\t\t<\/span>\n\t\t\t\t\t\t\t<span class=\"elementor-grid-item\">\n\t\t\t\t\t<a class=\"elementor-icon elementor-social-icon elementor-social-icon-instagram elementor-repeater-item-d64cb5e\" href=\"https:\/\/www.instagram.com\/metalmecanicalourdes\/\" target=\"_blank\">\n\t\t\t\t\t\t<span class=\"elementor-screen-only\">Instagram<\/span>\n\t\t\t\t\t\t<svg class=\"e-font-icon-svg e-fab-instagram\" viewBox=\"0 0 448 512\" xmlns=\"http:\/\/www.w3.org\/2000\/svg\"><path d=\"M224.1 141c-63.6 0-114.9 51.3-114.9 114.9s51.3 114.9 114.9 114.9S339 319.5 339 255.9 287.7 141 224.1 141zm0 189.6c-41.1 0-74.7-33.5-74.7-74.7s33.5-74.7 74.7-74.7 74.7 33.5 74.7 74.7-33.6 74.7-74.7 74.7zm146.4-194.3c0 14.9-12 26.8-26.8 26.8-14.9 0-26.8-12-26.8-26.8s12-26.8 26.8-26.8 26.8 12 26.8 26.8zm76.1 27.2c-1.7-35.9-9.9-67.7-36.2-93.9-26.2-26.2-58-34.4-93.9-36.2-37-2.1-147.9-2.1-184.9 0-35.8 1.7-67.6 9.9-93.9 36.1s-34.4 58-36.2 93.9c-2.1 37-2.1 147.9 0 184.9 1.7 35.9 9.9 67.7 36.2 93.9s58 34.4 93.9 36.2c37 2.1 147.9 2.1 184.9 0 35.9-1.7 67.7-9.9 93.9-36.2 26.2-26.2 34.4-58 36.2-93.9 2.1-37 2.1-147.8 0-184.8zM398.8 388c-7.8 19.6-22.9 34.7-42.6 42.6-29.5 11.7-99.5 9-132.1 9s-102.7 2.6-132.1-9c-19.6-7.8-34.7-22.9-42.6-42.6-11.7-29.5-9-99.5-9-132.1s-2.6-102.7 9-132.1c7.8-19.6 22.9-34.7 42.6-42.6 29.5-11.7 99.5-9 132.1-9s102.7-2.6 132.1 9c19.6 7.8 34.7 22.9 42.6 42.6 11.7 29.5 9 99.5 9 132.1s2.7 102.7-9 132.1z\"><\/path><\/svg>\t\t\t\t\t<\/a>\n\t\t\t\t<\/span>\n\t\t\t\t\t<\/div>\n\t\t\t\t\t\t<\/div>\n\t\t\t\t<\/div>\n\t\t\t\t<\/div>\n\t\t<div class=\"elementor-element elementor-element-dfcb5bf e-con-full e-flex e-con e-child\" data-id=\"dfcb5bf\" data-element_type=\"container\">\n\t\t\t\t<div class=\"elementor-element elementor-element-5162001 elementor-widget elementor-widget-heading\" data-id=\"5162001\" data-element_type=\"widget\" data-widget_type=\"heading.default\">\n\t\t\t\t<div class=\"elementor-widget-container\">\n\t\t\t\t\t<h6 class=\"elementor-heading-title elementor-size-default\">Quick Links<\/h6>\t\t\t\t<\/div>\n\t\t\t\t<\/div>\n\t\t\t\t<div class=\"elementor-element elementor-element-496a7b8 elementor-nav-menu--dropdown-none elementor-widget elementor-widget-nav-menu\" data-id=\"496a7b8\" data-element_type=\"widget\" data-settings=\"{&quot;layout&quot;:&quot;vertical&quot;,&quot;submenu_icon&quot;:{&quot;value&quot;:&quot;&lt;svg class=\\&quot;e-font-icon-svg e-fas-caret-down\\&quot; viewBox=\\&quot;0 0 320 512\\&quot; xmlns=\\&quot;http:\\\/\\\/www.w3.org\\\/2000\\\/svg\\&quot;&gt;&lt;path d=\\&quot;M31.3 192h257.3c17.8 0 26.7 21.5 14.1 34.1L174.1 354.8c-7.8 7.8-20.5 7.8-28.3 0L17.2 226.1C4.6 213.5 13.5 192 31.3 192z\\&quot;&gt;&lt;\\\/path&gt;&lt;\\\/svg&gt;&quot;,&quot;library&quot;:&quot;fa-solid&quot;}}\" data-widget_type=\"nav-menu.default\">\n\t\t\t\t<div class=\"elementor-widget-container\">\n\t\t\t\t\t\t\t\t<nav aria-label=\"Menu\" class=\"elementor-nav-menu--main elementor-nav-menu__container elementor-nav-menu--layout-vertical e--pointer-none\">\n\t\t\t\t<ul id=\"menu-1-496a7b8\" class=\"elementor-nav-menu sm-vertical\"><li class=\"menu-item menu-item-type-post_type menu-item-object-page menu-item-home menu-item-33\"><a href=\"https:\/\/metalmecanicalourdes.cl\/web\/\" class=\"elementor-item\">INICIO<\/a><\/li>\n<li class=\"menu-item menu-item-type-custom menu-item-object-custom menu-item-587\"><a href=\"#QuienesSomos\" class=\"elementor-item elementor-item-anchor\">Quienes Somos<\/a><\/li>\n<li class=\"menu-item menu-item-type-post_type menu-item-object-page current_page_parent menu-item-34\"><a href=\"https:\/\/metalmecanicalourdes.cl\/web\/?page_id=31\" class=\"elementor-item\">Noticias<\/a><\/li>\n<li class=\"menu-item menu-item-type-post_type menu-item-object-page menu-item-36\"><a href=\"https:\/\/metalmecanicalourdes.cl\/web\/?page_id=17\" class=\"elementor-item\">Galeria<\/a><\/li>\n<li class=\"menu-item menu-item-type-post_type menu-item-object-page menu-item-37\"><a href=\"https:\/\/metalmecanicalourdes.cl\/web\/?page_id=13\" class=\"elementor-item\">Contacto<\/a><\/li>\n<li class=\"menu-item menu-item-type-custom menu-item-object-custom menu-item-768\"><a href=\"https:\/\/srv21.cpanelhost.cl:2096\/\" class=\"elementor-item\">Corporativo<\/a><\/li>\n<\/ul>\t\t\t<\/nav>\n\t\t\t\t\t\t<nav class=\"elementor-nav-menu--dropdown elementor-nav-menu__container\" aria-hidden=\"true\">\n\t\t\t\t<ul id=\"menu-2-496a7b8\" class=\"elementor-nav-menu sm-vertical\"><li class=\"menu-item menu-item-type-post_type menu-item-object-page menu-item-home menu-item-33\"><a href=\"https:\/\/metalmecanicalourdes.cl\/web\/\" class=\"elementor-item\" tabindex=\"-1\">INICIO<\/a><\/li>\n<li class=\"menu-item menu-item-type-custom menu-item-object-custom menu-item-587\"><a href=\"#QuienesSomos\" class=\"elementor-item elementor-item-anchor\" tabindex=\"-1\">Quienes Somos<\/a><\/li>\n<li class=\"menu-item menu-item-type-post_type menu-item-object-page current_page_parent menu-item-34\"><a href=\"https:\/\/metalmecanicalourdes.cl\/web\/?page_id=31\" class=\"elementor-item\" tabindex=\"-1\">Noticias<\/a><\/li>\n<li class=\"menu-item menu-item-type-post_type menu-item-object-page menu-item-36\"><a href=\"https:\/\/metalmecanicalourdes.cl\/web\/?page_id=17\" class=\"elementor-item\" tabindex=\"-1\">Galeria<\/a><\/li>\n<li class=\"menu-item menu-item-type-post_type menu-item-object-page menu-item-37\"><a href=\"https:\/\/metalmecanicalourdes.cl\/web\/?page_id=13\" class=\"elementor-item\" tabindex=\"-1\">Contacto<\/a><\/li>\n<li class=\"menu-item menu-item-type-custom menu-item-object-custom menu-item-768\"><a href=\"https:\/\/srv21.cpanelhost.cl:2096\/\" class=\"elementor-item\" tabindex=\"-1\">Corporativo<\/a><\/li>\n<\/ul>\t\t\t<\/nav>\n\t\t\t\t\t\t<\/div>\n\t\t\t\t<\/div>\n\t\t\t\t<\/div>\n\t\t<div class=\"elementor-element elementor-element-0c220e2 e-con-full e-flex e-con e-child\" data-id=\"0c220e2\" data-element_type=\"container\">\n\t\t\t\t<div class=\"elementor-element elementor-element-7b54887 elementor-widget elementor-widget-heading\" data-id=\"7b54887\" data-element_type=\"widget\" data-widget_type=\"heading.default\">\n\t\t\t\t<div class=\"elementor-widget-container\">\n\t\t\t\t\t<h6 class=\"elementor-heading-title elementor-size-default\">Cont\u00e1ctanos<\/h6>\t\t\t\t<\/div>\n\t\t\t\t<\/div>\n\t\t\t\t<div class=\"elementor-element elementor-element-58f8365 elementor-icon-list--layout-traditional elementor-list-item-link-full_width elementor-widget elementor-widget-icon-list\" data-id=\"58f8365\" data-element_type=\"widget\" data-widget_type=\"icon-list.default\">\n\t\t\t\t<div class=\"elementor-widget-container\">\n\t\t\t\t\t\t\t<ul class=\"elementor-icon-list-items\">\n\t\t\t\t\t\t\t<li class=\"elementor-icon-list-item\">\n\t\t\t\t\t\t\t\t\t\t\t<a href=\"mailto:contacto@metalmecanicalourdes.cl\">\n\n\t\t\t\t\t\t\t\t\t\t\t<span class=\"elementor-icon-list-text\">Email: contacto@metalmecanicalourdes.cl<\/span>\n\t\t\t\t\t\t\t\t\t\t\t<\/a>\n\t\t\t\t\t\t\t\t\t<\/li>\n\t\t\t\t\t\t\t\t<li class=\"elementor-icon-list-item\">\n\t\t\t\t\t\t\t\t\t\t\t<a href=\"tel:123-456-7890\">\n\n\t\t\t\t\t\t\t\t\t\t\t<span class=\"elementor-icon-list-text\">Tel\u00e9fono: (32) 211 6491<\/span>\n\t\t\t\t\t\t\t\t\t\t\t<\/a>\n\t\t\t\t\t\t\t\t\t<\/li>\n\t\t\t\t\t\t<\/ul>\n\t\t\t\t\t\t<\/div>\n\t\t\t\t<\/div>\n\t\t\t\t<\/div>\n\t\t<div class=\"elementor-element elementor-element-b748c52 e-con-full e-flex e-con e-child\" data-id=\"b748c52\" data-element_type=\"container\">\n\t\t\t\t<div class=\"elementor-element elementor-element-26079d9 elementor-widget elementor-widget-google_maps\" data-id=\"26079d9\" data-element_type=\"widget\" data-widget_type=\"google_maps.default\">\n\t\t\t\t<div class=\"elementor-widget-container\">\n\t\t\t\t\t\t\t<div class=\"elementor-custom-embed\">\n\t\t\t<iframe loading=\"lazy\"\n\t\t\t\t\tsrc=\"https:\/\/maps.google.com\/maps?q=German%20Riesco%202099%2C%20valparaiso&#038;t=m&#038;z=15&#038;output=embed&#038;iwloc=near\"\n\t\t\t\t\ttitle=\"German Riesco 2099, valparaiso\"\n\t\t\t\t\taria-label=\"German Riesco 2099, valparaiso\"\n\t\t\t><\/iframe>\n\t\t<\/div>\n\t\t\t\t\t\t<\/div>\n\t\t\t\t<\/div>\n\t\t\t\t<\/div>\n\t\t\t\t\t<\/div>\n\t\t\t\t<\/div>\n\t\t\t\t<\/div>\n\t\t","protected":false},"excerpt":{"rendered":"<p>Por m\u00e1s de 50 a\u00f1os brindando servicios metalmecanicos a la industria chilena Linkedin Instagram Quick Links Cont\u00e1ctanos Email: contacto@metalmecanicalourdes.cl Tel\u00e9fono: (32) 211 6491<\/p>\n","protected":false},"author":1,"featured_media":0,"parent":0,"menu_order":0,"comment_status":"closed","ping_status":"closed","template":"","meta":{"footnotes":""},"class_list":["post-17","page","type-page","status-publish","hentry"],"_links":{"self":[{"href":"https:\/\/metalmecanicalourdes.cl\/web\/index.php?rest_route=\/wp\/v2\/pages\/17","targetHints":{"allow":["GET"]}}],"collection":[{"href":"https:\/\/metalmecanicalourdes.cl\/web\/index.php?rest_route=\/wp\/v2\/pages"}],"about":[{"href":"https:\/\/metalmecanicalourdes.cl\/web\/index.php?rest_route=\/wp\/v2\/types\/page"}],"author":[{"embeddable":true,"href":"https:\/\/metalmecanicalourdes.cl\/web\/index.php?rest_route=\/wp\/v2\/users\/1"}],"replies":[{"embeddable":true,"href":"https:\/\/metalmecanicalourdes.cl\/web\/index.php?rest_route=%2Fwp%2Fv2%2Fcomments&post=17"}],"version-history":[{"count":22,"href":"https:\/\/metalmecanicalourdes.cl\/web\/index.php?rest_route=\/wp\/v2\/pages\/17\/revisions"}],"predecessor-version":[{"id":701,"href":"https:\/\/metalmecanicalourdes.cl\/web\/index.php?rest_route=\/wp\/v2\/pages\/17\/revisions\/701"}],"wp:attachment":[{"href":"https:\/\/metalmecanicalourdes.cl\/web\/index.php?rest_route=%2Fwp%2Fv2%2Fmedia&parent=17"}],"curies":[{"name":"wp","href":"https:\/\/api.w.org\/{rel}","templated":true}]}}